{"id":7397,"date":"2025-04-28T16:59:00","date_gmt":"2025-04-28T14:59:00","guid":{"rendered":"https:\/\/www.bosphoresense.fr\/?page_id=7397"},"modified":"2025-04-28T16:59:00","modified_gmt":"2025-04-28T14:59:00","slug":"legal-notice","status":"publish","type":"page","link":"https:\/\/www.bosphoresense.fr\/en\/legal-notice\/","title":{"rendered":"Legal notice"},"content":{"rendered":"<div class=\"wpb-content-wrapper\"><p>[vc_row row_content_width=&#8221;grid&#8221; css=&#8221;.vc_custom_1595239971113{margin-bottom: 20px !important;}&#8221;][vc_column]<div class=\"edgtf-section-title-holder  edgtf-st-standard edgtf-st-title-left edgtf-st-normal-space edgtf-st-disable-title-break\" style=\"text-align: left\">\n\t<div class=\"edgtf-st-inner\">\n\t\t\t\t\t<h1 class=\"edgtf-st-title\" >\n\t\t\t\tMENTIONS l\u00e9gales et<br \/> politique de confidentialit\u00e9\t\t\t<\/h1>\n\t\t\t\t\t<\/div>\n<\/div>[vc_single_image image=&#8221;4318&#8243; img_size=&#8221;full&#8221; alignment=&#8221;center&#8221;][\/vc_column][\/vc_row][vc_row equal_height=&#8221;yes&#8221; content_placement=&#8221;middle&#8221; row_content_width=&#8221;grid&#8221;][vc_column width=&#8221;1\/2&#8243;][vc_column_text el_class=&#8221;h2&#8243;]<\/p>\n<h2>\/EDITEUR DU SITE<\/h2>\n<p>[\/vc_column_text][vc_column_text]SARL BOSPHORE au Capital de 58 000 \u20ac Si\u00e8ge social : 33 quai Arloing 69009 LYON France RCS Lyon 535 004 386[\/vc_column_text][vc_empty_space][vc_column_text el_class=&#8221;h2&#8243;]<\/p>\n<h2>\/SERVICE CLIENT<\/h2>\n<p>[\/vc_column_text][vc_column_text]Par t\u00e9l\u00e9phone : <span style=\"color: #d9be73;\"><u><i>+33 (0)4 78 66 82 95<\/i><\/u><\/span> Par e-mail : <span style=\"color: #d9be73;\"><u><i>contact@bosphore.fr<\/i><\/u><\/span>[\/vc_column_text][vc_empty_space][vc_column_text el_class=&#8221;h2&#8243;]<\/p>\n<h2>\/CONCEPT G\u00c9N\u00c9RAL DU SITE, ARBORESCENCE, ERGONOMIE, TEXTES<\/h2>\n<p>[\/vc_column_text][vc_column_text]Agence BOSPHORE SENSE [\/vc_column_text][vc_empty_space height=&#8221;40px&#8221;][\/vc_column][vc_column width=&#8221;1\/2&#8243;][vc_column_text el_class=&#8221;h2&#8243;]<\/p>\n<h2>\/CR\u00c9ATION GRAPHIQUE<\/h2>\n<p>[\/vc_column_text][vc_column_text]Agence BOSPHORE SENSE[\/vc_column_text][vc_empty_space][vc_column_text el_class=&#8221;h2&#8243;]<\/p>\n<h2>\/SITE INTERNET ET CONCEPTEUR DE LOGICIEL<\/h2>\n<p>[\/vc_column_text][vc_column_text]Agence BOSPHORE SENSE [\/vc_column_text][vc_empty_space][vc_column_text el_class=&#8221;h2&#8243;]<\/p>\n<h2>\/H\u00c9BERGEMENT<\/h2>\n<p>[\/vc_column_text][vc_column_text]Site h\u00e9berg\u00e9 en France par OVH SAS au capital de 10 069 020 \u20ac RCS Lille M\u00e9tropole 424 761 419 00045 Code APE 2620Z N\u00b0 TVA : FR 22 424 761 419 Si\u00e8ge social : 2 rue Kellermann \u2013 59100 Roubaix \u2013 France[\/vc_column_text][vc_empty_space][\/vc_column][\/vc_row][vc_row full_width=&#8221;stretch_row&#8221; gap=&#8221;35&#8243; parallax_background_image=&#8221;4320&#8243; parallax_bg_height=&#8221;300&#8243; css=&#8221;.vc_custom_1595238768077{margin-bottom: 40px !important;}&#8221;][vc_column][\/vc_column][\/vc_row][vc_row gap=&#8221;35&#8243; row_content_width=&#8221;grid&#8221;][vc_column width=&#8221;1\/2&#8243;][vc_column_text el_class=&#8221;h2&#8243;]<\/p>\n<h2>\/DROITS \u00c0 LA PROPRI\u00c9T\u00c9 INTELLECTUELLE<\/h2>\n<p>[\/vc_column_text][vc_column_text]L\u2019ensemble de l\u2019\u00e9dition de nos sites, les marques, logos, dessins, mod\u00e8les et vid\u00e9os ainsi que le contenu infographique, sont la propri\u00e9t\u00e9 exclusive de la soci\u00e9t\u00e9 BOSPHORE. Le ou les sites internet dans leurs contenus, leurs chartes graphiques, leurs arborescences, les utilitaires et logiciels d\u00e9velopp\u00e9s, et tout signe distinctif sont prot\u00e9g\u00e9s et ne peuvent \u00eatre reproduits, modifi\u00e9s ou contrefaits selon les dispositions du Code de la propri\u00e9t\u00e9 intellectuelle. L\u2019alt\u00e9ration de cette propri\u00e9t\u00e9 intellectuelle entra\u00eenerait des poursuites devant les juridictions comp\u00e9tentes en mati\u00e8re de violation de cette propri\u00e9t\u00e9.[\/vc_column_text][vc_empty_space height=&#8221;40px&#8221;][\/vc_column][vc_column width=&#8221;1\/2&#8243;][vc_column_text el_class=&#8221;h2&#8243;]<\/p>\n<h2>\/COOKIES<\/h2>\n<p>[\/vc_column_text][vc_column_text]D\u00e9tails des cookies utilis\u00e9s sur ce site : \/ Cookies Google Analytics pour les statistiques du site internet.[\/vc_column_text][vc_empty_space][\/vc_column][\/vc_row][vc_row gap=&#8221;35&#8243; row_content_width=&#8221;grid&#8221;][vc_column][vc_column_text el_class=&#8221;h2&#8243;]<\/p>\n<h2>\/PROTECTION DES DONN\u00c9ES PERSONNELLES<\/h2>\n<p>[\/vc_column_text][vc_column_text]La soci\u00e9t\u00e9 BOSPHORE SENSE s\u2019engage \u00e0 assurer le meilleur niveau de protection de vos donn\u00e9es \u00e0 caract\u00e8re personnel. Le responsable du traitement mis en \u0153uvre sur le site <a href=\"http:\/\/www.bosphoresense.fr\"><span style=\"color: #d9be73;\"><u><i>www.bosphoresense.fr<\/i><\/u><\/span><\/a> est Madame Alexandra Pigalle-Rossi : <span style=\"color: #d9be73;\"><u><i>alexandra.pigallerossi@bosphore.fr<\/i><\/u><\/span>[\/vc_column_text][vc_empty_space height=&#8221;40px&#8221;][vc_column_text]<\/p>\n<p style=\"text-align: left;\"><span style=\"font-size: 14pt;\"><strong>1 &#8211; Responsable de traitement et finalit\u00e9s de traitement<\/strong><\/span><\/p>\n<p style=\"text-align: left;\">BOSPHORE SENSE est le responsable de traitements de donn\u00e9es personnelles r\u00e9alis\u00e9s pour les finalit\u00e9s suivantes :<\/p>\n<table style=\"border-collapse: collapse; width: 100%; height: 234px;\">\n<tbody>\n<tr style=\"height: 26px;\">\n<td style=\"width: 50%; height: 26px;\"><strong>Finalit\u00e9s du traitement<\/strong><\/td>\n<td style=\"width: 50%; height: 26px;\"><strong>Fondements juridiques<\/strong><\/td>\n<\/tr>\n<tr style=\"height: 52px;\">\n<td style=\"width: 50%; height: 52px;\">Gestion des contrats et des commandes<\/td>\n<td style=\"width: 50%; height: 52px;\">L\u2019ex\u00e9cution du contrat nous unissant et notre int\u00e9r\u00eat l\u00e9gitime<\/td>\n<\/tr>\n<tr style=\"height: 52px;\">\n<td style=\"width: 50%; height: 52px;\">Gestion des relations avec les affili\u00e9s<\/td>\n<td style=\"width: 50%; height: 52px;\">L\u2019ex\u00e9cution du contrat nous unissant et notre int\u00e9r\u00eat l\u00e9gitime<\/td>\n<\/tr>\n<tr style=\"height: 26px;\">\n<td style=\"width: 50%; height: 26px;\">Gestion du programme de fid\u00e9lit\u00e9<\/td>\n<td style=\"width: 50%; height: 26px;\">L\u2019ex\u00e9cution du contrat nous unissant et notre int\u00e9r\u00eat l\u00e9gitime<\/td>\n<\/tr>\n<tr style=\"height: 26px;\">\n<td style=\"width: 50%; height: 26px;\">R\u00e9alisation d\u2019enqu\u00eates et de sondages<\/td>\n<td style=\"width: 50%; height: 26px;\">Notre int\u00e9r\u00eat l\u00e9gitime<\/td>\n<\/tr>\n<tr style=\"height: 26px;\">\n<td style=\"width: 50%; height: 26px;\">Gestion des avis clients<\/td>\n<td style=\"width: 50%; height: 26px;\">Notre int\u00e9r\u00eat l\u00e9gitime<\/td>\n<\/tr>\n<tr style=\"height: 26px;\">\n<td style=\"width: 50%; height: 26px;\">Prospection commerciale<\/td>\n<td style=\"width: 50%; height: 26px;\">Notre int\u00e9r\u00eat l\u00e9gitime ou votre consentement s\u2019il est requis par la r\u00e9glementation<\/td>\n<\/tr>\n<tr>\n<td style=\"width: 50%;\">R\u00e9alisation de traitements statistiques<\/td>\n<td style=\"width: 50%;\">Notre int\u00e9r\u00eat l\u00e9gitime<\/td>\n<\/tr>\n<tr>\n<td style=\"width: 50%;\">Gestion des demandes de contact<\/td>\n<td style=\"width: 50%;\">Notre int\u00e9r\u00eat l\u00e9gitime<\/td>\n<\/tr>\n<tr>\n<td style=\"width: 50%;\">Gestion des r\u00e9clamations et des \u00e9ventuels contentieux<\/td>\n<td style=\"width: 50%;\">L\u2019ex\u00e9cution du contrat nous unissant et notre int\u00e9r\u00eat l\u00e9gitime<\/td>\n<\/tr>\n<\/tbody>\n<\/table>\n<p>[\/vc_column_text][vc_empty_space height=&#8221;40px&#8221;][vc_column_text]<span style=\"font-size: 14pt;\"><strong>2 &#8211; Cat\u00e9gories de donn\u00e9es collect\u00e9es et sources<\/strong><\/span> BOSPHORE SENSE traite des cat\u00e9gories de donn\u00e9es personnelles suivantes : les donn\u00e9es d\u2019identification (noms, pr\u00e9noms, d\u00e9nomination sociale, donn\u00e9es RCS, etc.), les donn\u00e9es de contact (adresse email, coordonn\u00e9es postales, num\u00e9ro de t\u00e9l\u00e9phone, etc.), les \u00e9l\u00e9ments de paiement et facturation, les \u00e9l\u00e9ments de vie professionnelle (fonction, adresse email professionnelle, etc.). Vos donn\u00e9es sont collect\u00e9es par BOSPHORE SENSE notamment en cas de demande faite directement sur le site Internet. Les informations collect\u00e9es par BOSPHORE SENSE et qui sont indispensables pour r\u00e9pondre aux finalit\u00e9s pr\u00e9cit\u00e9es sont identifi\u00e9es par un ast\u00e9risque sur les formulaires de collecte. Si vous ne renseignez pas ces champs obligatoires BOSPHORE SENSE pourrait ne pas \u00eatre en mesure d\u2019assurer le service concern\u00e9.[\/vc_column_text][vc_empty_space height=&#8221;40px&#8221;][vc_column_text]<span style=\"font-size: 14pt;\"><strong>3 &#8211; Destinataires des donn\u00e9es<\/strong><\/span> Vos donn\u00e9es personnelles sont principalement communiqu\u00e9es\/accessibles aux services suivant de BOSPHORE SENSE :<\/p>\n<ul>\n<li>Direction G\u00e9n\u00e9rale<\/li>\n<li>Direction Financi\u00e8re<\/li>\n<li>Direction Commerce<\/li>\n<li>Direction de la Communication<\/li>\n<li>Direction Marketing<\/li>\n<li>Direction des Syst\u00e8mes d\u2019Information et aux Directions Commerciales de BOSPHORE SENSE.<\/li>\n<\/ul>\n<p>Vos donn\u00e9es personnelles pourront \u00e9galement \u00eatre communiqu\u00e9es \u00e0 des tiers (par exemple \u00e0 des fins d\u2019h\u00e9bergement et de maintenance IT) dans le cadre des finalit\u00e9s pr\u00e9cit\u00e9es. Les sous-traitants agissant selon les instructions de BOSPHORE SENSE seront tenus de mettre en \u0153uvre les mesures de protection appropri\u00e9es. Vous pouvez contacter notre soci\u00e9t\u00e9 pour obtenir de plus amples informations sur ces sujets ainsi qu\u2019une copie des documents pertinents.[\/vc_column_text][vc_empty_space height=&#8221;40px&#8221;][vc_column_text]<span style=\"font-size: 14pt;\"><strong>4 &#8211; Dur\u00e9e de conservation<\/strong><\/span> Les donn\u00e9es personnelles trait\u00e9es par BOSPHORE SENSE sont conserv\u00e9es pour le temps n\u00e9cessaire \u00e0 l\u2019accomplissement des finalit\u00e9s pr\u00e9cit\u00e9es conform\u00e9ment aux r\u00e9glementations applicables. Par exemple :<\/p>\n<ul>\n<li>Les donn\u00e9es aff\u00e9rentes \u00e0 la prospection commerciale sont conserv\u00e9es pendant trois ans \u00e0 compter du dernier contact ;<\/li>\n<li>Les donn\u00e9es aff\u00e9rentes aux clients sont conserv\u00e9es pendant la dur\u00e9e du contrat augment\u00e9e de la prescription.<\/li>\n<\/ul>\n<p>[\/vc_column_text][vc_empty_space height=&#8221;40px&#8221;][vc_column_text]<span style=\"font-size: 14pt;\"><strong>5 &#8211; Vos droits<\/strong><\/span> Vous disposez de droits conform\u00e9ment \u00e0 la r\u00e9glementation applicable :<\/p>\n<ul>\n<li>Vous avez le droit de demander l\u2019acc\u00e8s et la rectification de vos donn\u00e9es personnelles que BOSPHORE SENSE d\u00e9tient et qui vous concernent.<\/li>\n<li>Vous avez le droit de demander la limitation du traitement de vos donn\u00e9es personnelles, (i) si vous contestez l\u2019exactitude de vos donn\u00e9es pendant la dur\u00e9e nous permettant de v\u00e9rifier l\u2019exactitude de ces derni\u00e8res, (ii) si vous consid\u00e9rez que nous traitons illicitement vos donn\u00e9es et que vous exigez une limitation de leur utilisation plut\u00f4t qu\u2019un effacement, (iii) si nous n\u2019avons plus besoin de vos donn\u00e9es au regard des finalit\u00e9s vis\u00e9es ci-dessus mais que celles-ci sont encore n\u00e9cessaires pour la constatation, l\u2019exercice ou la d\u00e9fense de vos droits en justice, (iv) en cas d\u2019exercice de votre droit d\u2019opposition pendant la dur\u00e9e de v\u00e9rification portant sur le point de savoir si les motifs l\u00e9gitimes que nous poursuivons pr\u00e9valent sur les v\u00f4tres.<\/li>\n<li>Vous avez le droit de demander la suppression de vos donn\u00e9es personnelles. En cas de demande de suppression de vos donn\u00e9es, BOSPHORE SENSE pourra n\u00e9anmoins les conserver sous forme d\u2019archivage interm\u00e9diaire, et ce pour la dur\u00e9e n\u00e9cessaire \u00e0 la satisfaction de ses obligations l\u00e9gales, comptables et fiscales.<\/li>\n<li>Vous avez le droit de demander \u00e0 exercer votre droit d\u2019opposition \u00e0 tout moment pour des raisons tenant \u00e0 votre situation particuli\u00e8re.<\/li>\n<li>Vous avez \u00e9galement le droit de vous opposer \u00e0 la prospection commerciale, sans avoir \u00e0 fournir de motif.<\/li>\n<li>Vous avez le droit de ne pas faire l\u2019objet d\u2019une d\u00e9cision fond\u00e9e exclusivement sur un traitement automatis\u00e9 et produisant des effets juridiques vous concernant ou vous affectant de mani\u00e8re significative.<\/li>\n<li>Vous avez le droit d\u2019exercer votre droit \u00e0 la portabilit\u00e9 des donn\u00e9es, ce qui vous donne le droit d&#8217;obtenir une copie de vos donn\u00e9es ou de les transf\u00e9rer \u00e0 un tiers dans un format structur\u00e9 et couramment utilis\u00e9 et lisible par une machine.<\/li>\n<li>Vous avez le droit de retirer votre consentement au traitement des donn\u00e9es vous concernant, \u00e0 tout moment, lorsque le traitement requiert votre consentement.<\/li>\n<li>Vous disposez \u00e9galement du droit de formuler des directives concernant la conservation, l\u2019effacement et la communication de vos donn\u00e9es \u00e0 caract\u00e8re personnel post-mortem. Les directives g\u00e9n\u00e9rales (concernant l&#8217;ensemble des donn\u00e9es \u00e0 caract\u00e8re personnel se rapportant \u00e0 la personne concern\u00e9e) peuvent \u00eatre enregistr\u00e9es aupr\u00e8s d&#8217;un tiers de confiance num\u00e9rique certifi\u00e9 par la CNIL (Commission nationale de l&#8217;informatique et des libert\u00e9s). Les directives sp\u00e9cifiques sont \u00e0 adresser \u00e0 BOSPHORE SENSE.<\/li>\n<\/ul>\n<p>[\/vc_column_text][vc_empty_space height=&#8221;40px&#8221;][vc_column_text]<span style=\"font-size: 14pt;\"><strong>Protection de votre adresse e-mail<\/strong><\/span> BOSPHORE SENSE ne partage ni ne vend l\u2019adresse e-mail du Client \u00e0 des tiers. Elle n\u2019est utilis\u00e9e que pour assurer le traitement de sa commande, recevoir la newsletter BOSPHORE SENSE. Tous les mails de prospection directe au sens de l\u2019article L. 34-5 du Code des postes et des communications \u00e9lectroniques envoy\u00e9s par BOSPHORE SENSE comportent un lien de d\u00e9sabonnement en bas de la page et\/ou le client peut faire une demande de d\u00e9sinscription \u00e0 la newsletter en \u00e9crivant \u00e0 l\u2019adresse <span style=\"color: #d9be73;\"><u><i>contact@bosphore.fr<\/i><\/u><\/span>[\/vc_column_text][vc_empty_space height=&#8221;40px&#8221;][vc_column_text]<span style=\"font-size: 14pt;\"><strong>Droit d&#8217;acc\u00e8s, de rectification, de suppression, d&#8217;opposition, de limitation et de portabilit\u00e9<\/strong><\/span> Conform\u00e9ment \u00e0 la loi n\u00b0 78-17 du 6 janvier 1978 relative \u00e0 l\u2019informatique, aux fichiers et aux libert\u00e9s, ainsi qu\u2019au R\u00e8glement g\u00e9n\u00e9ral (UE) n\u00b02016\/679 relatif \u00e0 la protection des personnes physiques \u00e0 l\u2019\u00e9gard du traitement des donn\u00e9es \u00e0 caract\u00e8re personnel et \u00e0 la libre circulation de ces donn\u00e9es, le client peut demander l\u2019acc\u00e8s, la modification, faire valoir son droit \u00e0 la portabilit\u00e9, faire supprimer toute donn\u00e9e le concernant, demander la limitation du traitement de ses donn\u00e9es et s\u2019opposer au traitement de ses donn\u00e9es en s\u2019adressant \u00e0 : <span style=\"color: #d9be73;\"><u><i>contact@bosphore.fr<\/i><\/u><\/span> ou un courrier postal \u00e0 l\u2019attention de la soci\u00e9t\u00e9 BOSPHORE, 33 quai ARLOING \u2013 69009 LYON sous r\u00e9serve que cette suppression de donn\u00e9es, limitation du traitement ou opposition au traitement n\u2019ait pas pour cons\u00e9quence l\u2019impossibilit\u00e9 pour BOSPHORE SENSE de remplir ses obligations l\u00e9gales ou contractuelles. Le client a \u00e9galement la possibilit\u00e9 d\u2019introduire une r\u00e9clamation aupr\u00e8s de la Commission Nationale de l\u2019Informatique et des Libert\u00e9s soit, via l\u2019URL suivant <a href=\"https:\/\/www.cnil.fr\/fr\/plaintes\"><span style=\"color: #d9be73;\"><u><i>https:\/\/www.cnil.fr\/fr\/plaintes<\/i><\/u><\/span><\/a>\u00a0ou soit, via courrier postal (3 Place de Fontenoy &#8211; TSA 80715 &#8211; 75334 PARIS CEDEX 07). M\u00e9diation : En cas de litige, vous devez vous adresser en priorit\u00e9 au service client de l\u2019entreprise au <span style=\"color: #d9be73;\"><u><i>04 78 66 82 95<\/i><\/u><\/span>, du lundi au vendredi sauf jour f\u00e9ri\u00e9 ou ch\u00f4m\u00e9, de 9 \u00e0 12h et 14 \u00e0 18h ou par courrier :\u00a0 BOSPHORE, 33 Quai ARLOING \u2013 69009 LYON[\/vc_column_text][vc_empty_space height=&#8221;40px&#8221;][\/vc_column][\/vc_row]<\/p>\n<\/div>","protected":false},"excerpt":{"rendered":"<p>[vc_row row_content_width=&#8221;grid&#8221; css=&#8221;.vc_custom_1595239971113{margin-bottom: 20px !important;}&#8221;][vc_column][vc_single_image image=&#8221;4318&#8243; img_size=&#8221;full&#8221; alignment=&#8221;center&#8221;][\/vc_column][\/vc_row][vc_row equal_height=&#8221;yes&#8221; content_placement=&#8221;middle&#8221; row_content_width=&#8221;grid&#8221;][vc_column width=&#8221;1\/2&#8243;][vc_column_text el_class=&#8221;h2&#8243;] \/EDITEUR DU SITE [\/vc_column_text][vc_column_text]SARL BOSPHORE au Capital de 58 000 \u20ac Si\u00e8ge social : 33 quai Arloing 69009 LYON France RCS Lyon 535 004 386[\/vc_column_text][vc_empty_space][vc_column_text el_class=&#8221;h2&#8243;] \/SERVICE [&hellip;]<\/p>\n","protected":false},"author":1,"featured_media":0,"parent":0,"menu_order":0,"comment_status":"closed","ping_status":"closed","template":"full-width.php","meta":{"_acf_changed":false,"content-type":"","footnotes":""},"class_list":["post-7397","page","type-page","status-publish","hentry"],"acf":[],"aioseo_notices":[],"_links":{"self":[{"href":"https:\/\/www.bosphoresense.fr\/en\/wp-json\/wp\/v2\/pages\/7397","targetHints":{"allow":["GET"]}}],"collection":[{"href":"https:\/\/www.bosphoresense.fr\/en\/wp-json\/wp\/v2\/pages"}],"about":[{"href":"https:\/\/www.bosphoresense.fr\/en\/wp-json\/wp\/v2\/types\/page"}],"author":[{"embeddable":true,"href":"https:\/\/www.bosphoresense.fr\/en\/wp-json\/wp\/v2\/users\/1"}],"replies":[{"embeddable":true,"href":"https:\/\/www.bosphoresense.fr\/en\/wp-json\/wp\/v2\/comments?post=7397"}],"version-history":[{"count":1,"href":"https:\/\/www.bosphoresense.fr\/en\/wp-json\/wp\/v2\/pages\/7397\/revisions"}],"predecessor-version":[{"id":7398,"href":"https:\/\/www.bosphoresense.fr\/en\/wp-json\/wp\/v2\/pages\/7397\/revisions\/7398"}],"wp:attachment":[{"href":"https:\/\/www.bosphoresense.fr\/en\/wp-json\/wp\/v2\/media?parent=7397"}],"curies":[{"name":"wp","href":"https:\/\/api.w.org\/{rel}","templated":true}]}}